{"id":8,"date":"2020-06-08T21:22:58","date_gmt":"2020-06-08T21:22:58","guid":{"rendered":"https:\/\/kriegs-zeitzeugen.ch\/?page_id=8"},"modified":"2020-06-19T18:10:55","modified_gmt":"2020-06-19T18:10:55","slug":"ueber-uns","status":"publish","type":"page","link":"https:\/\/kriegs-zeitzeugen.ch\/index.php\/ueber-uns\/","title":{"rendered":"\u00dcber diese Seite"},"content":{"rendered":"\r\n<p><strong>Erlebnisse und Erz\u00e4hlungen zum allt\u00e4glichen Leben im Zweiten Weltkrieg<\/strong><\/p>\r\n<p>\u00dcber 50 Millionen Tote, bis zur Unkenntlichkeit zerbombte St\u00e4dte und D\u00f6rfer, ein milit\u00e4risches Wettr\u00fcsten bis hin zur Atombombe \u2013 das war der Zweite Weltkrieg, der grausamste und zerst\u00f6rerischste Krieg in der Geschichte der Menschheit. Was am 1. September 1939 mit dem deutschen \u00dcberfall auf Polen begann, endete am 8. Mai 1945 mit der Kapitulation Deutschlands, womit die rund sechsj\u00e4hrigen Kriegswirren in Europa ein Ende nahmen.<\/p>\r\n<p>Obwohl wir in der Schweiz weitgehend von Tod und Zerst\u00f6rung verschont bleiben, wirkte sich der Zweite Weltkrieg auch bei uns stark auf das allt\u00e4gliche Leben aus: Lebensmittel wurden rationiert, in der Nacht mussten H\u00e4user und Strassen v\u00f6llig verdunkelt werden und immer wieder heulten die Sirenen mit ihrer schauderhaften Melodie auf und verk\u00fcndeten \u00abAchtung, Flugalarm!\u00bb. Und trotzdem: F\u00fcr die einen war es eine Zeit der Entbehrungen, die anderen hatten genug zu essen; die einen lebten mit dauernder Angst, die anderen nahmen den Krieg kaum wahr; die einen sagen, ihnen h\u00e4tten die Kriegsjahre die Kindheit oder die Jugend geraubt, die anderen finden, sie h\u00e4tten trotz Krieg ein sch\u00f6nes Leben gehabt. Spannende Gegens\u00e4tze.<\/p>\r\n<p>Auf dieser Seite werden keine Heldengeschichten von kampferprobten Gener\u00e4len an der Front breitgeschlagen; hier dreht sich alles um das allt\u00e4gliche Leben w\u00e4hrend der Kriegszeit von ganz normalen Leuten wie du und ich.\u00a0<\/p>\r\n<p>Ich<span style=\"display: inline !important; float: none; background-color: #ffffff; color: #333333; cursor: text; font-family: 'Droid Serif',Georgia,serif; font-size: 16px; font-style: normal; font-variant: normal; font-weight: 400; letter-spacing: normal; orphans: 2; text-align: left; text-decoration: none; text-indent: 0px; text-transform: none; -webkit-text-stroke-width: 0px; white-space: normal; word-spacing: 0px;\"> \u2013 <\/span>Christoph Benz, freier Journalist und begeisterter Podcaster \u2013 begann vor ein paar Jahren, Kriegs-Zeitzeugen zu besuchen und ihre ganz pers\u00f6nlichen Geschichten, Erlebnisse und Erz\u00e4hlungen aufzuzeichnen,\u00a0mit dem Ziel, diese in loser Folge hier online zu stellen und so der Nachwelt zu erhalten. Dazu kommen nach und nach verschiedene Dokumente wie etwa Briefe, Postkarten oder Fotografien. Damit m\u00f6chte ich ein digitales Ged\u00e4chtnis schaffen, welches allen Interessierten einen m\u00f6glichst lebendigen Einblick in diese bewegte Zeit erm\u00f6glichen soll.\u00a0<\/p>\r\n<p>Samedan, im Juni 2020<\/p>\r\n<div id=\"attachment_173\" style=\"width: 610px\" class=\"wp-caption alignnone\"><a href=\"https:\/\/kriegs-zeitzeugen.ch\/wp-content\/uploads\/2020\/06\/Collage-ZeitZeugen-cb-scaled.jpg\"><img loading=\"lazy\" decoding=\"async\" aria-describedby=\"caption-attachment-173\" class=\"size-large wp-image-173\" src=\"https:\/\/kriegs-zeitzeugen.ch\/wp-content\/uploads\/2020\/06\/Collage-ZeitZeugen-cb-1024x244.jpg\" alt=\"\" width=\"600\" height=\"143\" srcset=\"https:\/\/kriegs-zeitzeugen.ch\/wp-content\/uploads\/2020\/06\/Collage-ZeitZeugen-cb-1024x244.jpg 1024w, https:\/\/kriegs-zeitzeugen.ch\/wp-content\/uploads\/2020\/06\/Collage-ZeitZeugen-cb-300x71.jpg 300w, https:\/\/kriegs-zeitzeugen.ch\/wp-content\/uploads\/2020\/06\/Collage-ZeitZeugen-cb-768x183.jpg 768w, https:\/\/kriegs-zeitzeugen.ch\/wp-content\/uploads\/2020\/06\/Collage-ZeitZeugen-cb-1536x366.jpg 1536w, https:\/\/kriegs-zeitzeugen.ch\/wp-content\/uploads\/2020\/06\/Collage-ZeitZeugen-cb-2048x488.jpg 2048w, https:\/\/kriegs-zeitzeugen.ch\/wp-content\/uploads\/2020\/06\/Collage-ZeitZeugen-cb-1240x295.jpg 1240w, https:\/\/kriegs-zeitzeugen.ch\/wp-content\/uploads\/2020\/06\/Collage-ZeitZeugen-cb-508x121.jpg 508w\" sizes=\"auto, (max-width: 600px) 100vw, 600px\" \/><\/a><p id=\"caption-attachment-173\" class=\"wp-caption-text\">Der Autor dieser Seite, Christoph Benz, im Gespr\u00e4ch mit den Zeitzeugen Jachen Felix, Hans Bendel und Heidi Graf.<\/p><\/div>","protected":false},"excerpt":{"rendered":"<p>Erlebnisse und Erz\u00e4hlungen zum allt\u00e4glichen Leben im Zweiten Weltkrieg \u00dcber 50 Millionen Tote, bis zur Unkenntlichkeit zerbombte St\u00e4dte und D\u00f6rfer, ein milit\u00e4risches Wettr\u00fcsten bis hin zur Atombombe \u2013 das war der Zweite Weltkrieg, der grausamste und zerst\u00f6rerischste Krieg in der Geschichte der Menschheit. Was am 1. September 1939 mit dem deutschen \u00dcberfall auf Polen begann, [&hellip;]<\/p>\n","protected":false},"author":1,"featured_media":51,"parent":0,"menu_order":0,"comment_status":"closed","ping_status":"closed","template":"","meta":{"footnotes":""},"class_list":["post-8","page","type-page","status-publish","has-post-thumbnail","hentry"],"yoast_head":"<!-- This site is optimized with the Yoast SEO plugin v27.4 - https:\/\/yoast.com\/product\/yoast-seo-wordpress\/ -->\n<title>\u00dcber diese Seite - Zeitzeugen<\/title>\n<meta name=\"robots\" content=\"index, follow, max-snippet:-1, max-image-preview:large, max-video-preview:-1\" \/>\n<link rel=\"canonical\" href=\"https:\/\/kriegs-zeitzeugen.ch\/index.php\/ueber-uns\/\" \/>\n<meta property=\"og:locale\" content=\"de_DE\" \/>\n<meta property=\"og:type\" content=\"article\" \/>\n<meta property=\"og:title\" content=\"\u00dcber diese Seite - Zeitzeugen\" \/>\n<meta property=\"og:description\" content=\"Erlebnisse und Erz\u00e4hlungen zum allt\u00e4glichen Leben im Zweiten Weltkrieg \u00dcber 50 Millionen Tote, bis zur Unkenntlichkeit zerbombte St\u00e4dte und D\u00f6rfer, ein milit\u00e4risches Wettr\u00fcsten bis hin zur Atombombe \u2013 das war der Zweite Weltkrieg, der grausamste und zerst\u00f6rerischste Krieg in der Geschichte der Menschheit. Was am 1. September 1939 mit dem deutschen \u00dcberfall auf Polen begann, [&hellip;]\" \/>\n<meta property=\"og:url\" content=\"https:\/\/kriegs-zeitzeugen.ch\/index.php\/ueber-uns\/\" \/>\n<meta property=\"og:site_name\" content=\"Zeitzeugen\" \/>\n<meta property=\"article:modified_time\" content=\"2020-06-19T18:10:55+00:00\" \/>\n<meta property=\"og:image\" content=\"https:\/\/kriegs-zeitzeugen.ch\/wp-content\/uploads\/2020\/06\/TITEL-ZeitZeugen-Fotocollage-scaled.jpg\" \/>\n\t<meta property=\"og:image:width\" content=\"2560\" \/>\n\t<meta property=\"og:image:height\" content=\"963\" \/>\n\t<meta property=\"og:image:type\" content=\"image\/jpeg\" \/>\n<meta name=\"twitter:card\" content=\"summary_large_image\" \/>\n<meta name=\"twitter:label1\" content=\"Gesch\u00e4tzte Lesezeit\" \/>\n\t<meta name=\"twitter:data1\" content=\"2\u00a0Minuten\" \/>\n<script type=\"application\/ld+json\" class=\"yoast-schema-graph\">{\"@context\":\"https:\\\/\\\/schema.org\",\"@graph\":[{\"@type\":\"WebPage\",\"@id\":\"https:\\\/\\\/kriegs-zeitzeugen.ch\\\/index.php\\\/ueber-uns\\\/\",\"url\":\"https:\\\/\\\/kriegs-zeitzeugen.ch\\\/index.php\\\/ueber-uns\\\/\",\"name\":\"\u00dcber diese Seite - Zeitzeugen\",\"isPartOf\":{\"@id\":\"https:\\\/\\\/kriegs-zeitzeugen.ch\\\/#website\"},\"primaryImageOfPage\":{\"@id\":\"https:\\\/\\\/kriegs-zeitzeugen.ch\\\/index.php\\\/ueber-uns\\\/#primaryimage\"},\"image\":{\"@id\":\"https:\\\/\\\/kriegs-zeitzeugen.ch\\\/index.php\\\/ueber-uns\\\/#primaryimage\"},\"thumbnailUrl\":\"https:\\\/\\\/kriegs-zeitzeugen.ch\\\/wp-content\\\/uploads\\\/2020\\\/06\\\/TITEL-ZeitZeugen-Fotocollage-scaled.jpg\",\"datePublished\":\"2020-06-08T21:22:58+00:00\",\"dateModified\":\"2020-06-19T18:10:55+00:00\",\"breadcrumb\":{\"@id\":\"https:\\\/\\\/kriegs-zeitzeugen.ch\\\/index.php\\\/ueber-uns\\\/#breadcrumb\"},\"inLanguage\":\"de\",\"potentialAction\":[{\"@type\":\"ReadAction\",\"target\":[\"https:\\\/\\\/kriegs-zeitzeugen.ch\\\/index.php\\\/ueber-uns\\\/\"]}]},{\"@type\":\"ImageObject\",\"inLanguage\":\"de\",\"@id\":\"https:\\\/\\\/kriegs-zeitzeugen.ch\\\/index.php\\\/ueber-uns\\\/#primaryimage\",\"url\":\"https:\\\/\\\/kriegs-zeitzeugen.ch\\\/wp-content\\\/uploads\\\/2020\\\/06\\\/TITEL-ZeitZeugen-Fotocollage-scaled.jpg\",\"contentUrl\":\"https:\\\/\\\/kriegs-zeitzeugen.ch\\\/wp-content\\\/uploads\\\/2020\\\/06\\\/TITEL-ZeitZeugen-Fotocollage-scaled.jpg\",\"width\":2560,\"height\":963,\"caption\":\"\"},{\"@type\":\"BreadcrumbList\",\"@id\":\"https:\\\/\\\/kriegs-zeitzeugen.ch\\\/index.php\\\/ueber-uns\\\/#breadcrumb\",\"itemListElement\":[{\"@type\":\"ListItem\",\"position\":1,\"name\":\"Home\",\"item\":\"https:\\\/\\\/kriegs-zeitzeugen.ch\\\/\"},{\"@type\":\"ListItem\",\"position\":2,\"name\":\"\u00dcber diese Seite\"}]},{\"@type\":\"WebSite\",\"@id\":\"https:\\\/\\\/kriegs-zeitzeugen.ch\\\/#website\",\"url\":\"https:\\\/\\\/kriegs-zeitzeugen.ch\\\/\",\"name\":\"Zeitzeugen\",\"description\":\"\",\"publisher\":{\"@id\":\"https:\\\/\\\/kriegs-zeitzeugen.ch\\\/#organization\"},\"potentialAction\":[{\"@type\":\"SearchAction\",\"target\":{\"@type\":\"EntryPoint\",\"urlTemplate\":\"https:\\\/\\\/kriegs-zeitzeugen.ch\\\/?s={search_term_string}\"},\"query-input\":{\"@type\":\"PropertyValueSpecification\",\"valueRequired\":true,\"valueName\":\"search_term_string\"}}],\"inLanguage\":\"de\"},{\"@type\":\"Organization\",\"@id\":\"https:\\\/\\\/kriegs-zeitzeugen.ch\\\/#organization\",\"name\":\"Zeitzeugen\",\"url\":\"https:\\\/\\\/kriegs-zeitzeugen.ch\\\/\",\"logo\":{\"@type\":\"ImageObject\",\"inLanguage\":\"de\",\"@id\":\"https:\\\/\\\/kriegs-zeitzeugen.ch\\\/#\\\/schema\\\/logo\\\/image\\\/\",\"url\":\"https:\\\/\\\/kriegs-zeitzeugen.ch\\\/wp-content\\\/uploads\\\/2020\\\/06\\\/ZeitZeugen-Collage-Soundcloud-3-freigestellt-k-2-e1591724055360.png\",\"contentUrl\":\"https:\\\/\\\/kriegs-zeitzeugen.ch\\\/wp-content\\\/uploads\\\/2020\\\/06\\\/ZeitZeugen-Collage-Soundcloud-3-freigestellt-k-2-e1591724055360.png\",\"width\":2400,\"height\":658,\"caption\":\"Zeitzeugen\"},\"image\":{\"@id\":\"https:\\\/\\\/kriegs-zeitzeugen.ch\\\/#\\\/schema\\\/logo\\\/image\\\/\"}}]}<\/script>\n<!-- \/ Yoast SEO plugin. -->","yoast_head_json":{"title":"\u00dcber diese Seite - Zeitzeugen","robots":{"index":"index","follow":"follow","max-snippet":"max-snippet:-1","max-image-preview":"max-image-preview:large","max-video-preview":"max-video-preview:-1"},"canonical":"https:\/\/kriegs-zeitzeugen.ch\/index.php\/ueber-uns\/","og_locale":"de_DE","og_type":"article","og_title":"\u00dcber diese Seite - Zeitzeugen","og_description":"Erlebnisse und Erz\u00e4hlungen zum allt\u00e4glichen Leben im Zweiten Weltkrieg \u00dcber 50 Millionen Tote, bis zur Unkenntlichkeit zerbombte St\u00e4dte und D\u00f6rfer, ein milit\u00e4risches Wettr\u00fcsten bis hin zur Atombombe \u2013 das war der Zweite Weltkrieg, der grausamste und zerst\u00f6rerischste Krieg in der Geschichte der Menschheit. Was am 1. September 1939 mit dem deutschen \u00dcberfall auf Polen begann, [&hellip;]","og_url":"https:\/\/kriegs-zeitzeugen.ch\/index.php\/ueber-uns\/","og_site_name":"Zeitzeugen","article_modified_time":"2020-06-19T18:10:55+00:00","og_image":[{"width":2560,"height":963,"url":"https:\/\/kriegs-zeitzeugen.ch\/wp-content\/uploads\/2020\/06\/TITEL-ZeitZeugen-Fotocollage-scaled.jpg","type":"image\/jpeg"}],"twitter_card":"summary_large_image","twitter_misc":{"Gesch\u00e4tzte Lesezeit":"2\u00a0Minuten"},"schema":{"@context":"https:\/\/schema.org","@graph":[{"@type":"WebPage","@id":"https:\/\/kriegs-zeitzeugen.ch\/index.php\/ueber-uns\/","url":"https:\/\/kriegs-zeitzeugen.ch\/index.php\/ueber-uns\/","name":"\u00dcber diese Seite - Zeitzeugen","isPartOf":{"@id":"https:\/\/kriegs-zeitzeugen.ch\/#website"},"primaryImageOfPage":{"@id":"https:\/\/kriegs-zeitzeugen.ch\/index.php\/ueber-uns\/#primaryimage"},"image":{"@id":"https:\/\/kriegs-zeitzeugen.ch\/index.php\/ueber-uns\/#primaryimage"},"thumbnailUrl":"https:\/\/kriegs-zeitzeugen.ch\/wp-content\/uploads\/2020\/06\/TITEL-ZeitZeugen-Fotocollage-scaled.jpg","datePublished":"2020-06-08T21:22:58+00:00","dateModified":"2020-06-19T18:10:55+00:00","breadcrumb":{"@id":"https:\/\/kriegs-zeitzeugen.ch\/index.php\/ueber-uns\/#breadcrumb"},"inLanguage":"de","potentialAction":[{"@type":"ReadAction","target":["https:\/\/kriegs-zeitzeugen.ch\/index.php\/ueber-uns\/"]}]},{"@type":"ImageObject","inLanguage":"de","@id":"https:\/\/kriegs-zeitzeugen.ch\/index.php\/ueber-uns\/#primaryimage","url":"https:\/\/kriegs-zeitzeugen.ch\/wp-content\/uploads\/2020\/06\/TITEL-ZeitZeugen-Fotocollage-scaled.jpg","contentUrl":"https:\/\/kriegs-zeitzeugen.ch\/wp-content\/uploads\/2020\/06\/TITEL-ZeitZeugen-Fotocollage-scaled.jpg","width":2560,"height":963,"caption":""},{"@type":"BreadcrumbList","@id":"https:\/\/kriegs-zeitzeugen.ch\/index.php\/ueber-uns\/#breadcrumb","itemListElement":[{"@type":"ListItem","position":1,"name":"Home","item":"https:\/\/kriegs-zeitzeugen.ch\/"},{"@type":"ListItem","position":2,"name":"\u00dcber diese Seite"}]},{"@type":"WebSite","@id":"https:\/\/kriegs-zeitzeugen.ch\/#website","url":"https:\/\/kriegs-zeitzeugen.ch\/","name":"Zeitzeugen","description":"","publisher":{"@id":"https:\/\/kriegs-zeitzeugen.ch\/#organization"},"potentialAction":[{"@type":"SearchAction","target":{"@type":"EntryPoint","urlTemplate":"https:\/\/kriegs-zeitzeugen.ch\/?s={search_term_string}"},"query-input":{"@type":"PropertyValueSpecification","valueRequired":true,"valueName":"search_term_string"}}],"inLanguage":"de"},{"@type":"Organization","@id":"https:\/\/kriegs-zeitzeugen.ch\/#organization","name":"Zeitzeugen","url":"https:\/\/kriegs-zeitzeugen.ch\/","logo":{"@type":"ImageObject","inLanguage":"de","@id":"https:\/\/kriegs-zeitzeugen.ch\/#\/schema\/logo\/image\/","url":"https:\/\/kriegs-zeitzeugen.ch\/wp-content\/uploads\/2020\/06\/ZeitZeugen-Collage-Soundcloud-3-freigestellt-k-2-e1591724055360.png","contentUrl":"https:\/\/kriegs-zeitzeugen.ch\/wp-content\/uploads\/2020\/06\/ZeitZeugen-Collage-Soundcloud-3-freigestellt-k-2-e1591724055360.png","width":2400,"height":658,"caption":"Zeitzeugen"},"image":{"@id":"https:\/\/kriegs-zeitzeugen.ch\/#\/schema\/logo\/image\/"}}]}},"_links":{"self":[{"href":"https:\/\/kriegs-zeitzeugen.ch\/index.php\/wp-json\/wp\/v2\/pages\/8","targetHints":{"allow":["GET"]}}],"collection":[{"href":"https:\/\/kriegs-zeitzeugen.ch\/index.php\/wp-json\/wp\/v2\/pages"}],"about":[{"href":"https:\/\/kriegs-zeitzeugen.ch\/index.php\/wp-json\/wp\/v2\/types\/page"}],"author":[{"embeddable":true,"href":"https:\/\/kriegs-zeitzeugen.ch\/index.php\/wp-json\/wp\/v2\/users\/1"}],"replies":[{"embeddable":true,"href":"https:\/\/kriegs-zeitzeugen.ch\/index.php\/wp-json\/wp\/v2\/comments?post=8"}],"version-history":[{"count":11,"href":"https:\/\/kriegs-zeitzeugen.ch\/index.php\/wp-json\/wp\/v2\/pages\/8\/revisions"}],"predecessor-version":[{"id":174,"href":"https:\/\/kriegs-zeitzeugen.ch\/index.php\/wp-json\/wp\/v2\/pages\/8\/revisions\/174"}],"wp:featuredmedia":[{"embeddable":true,"href":"https:\/\/kriegs-zeitzeugen.ch\/index.php\/wp-json\/wp\/v2\/media\/51"}],"wp:attachment":[{"href":"https:\/\/kriegs-zeitzeugen.ch\/index.php\/wp-json\/wp\/v2\/media?parent=8"}],"curies":[{"name":"wp","href":"https:\/\/api.w.org\/{rel}","templated":true}]}}